	 

	 
		 
	{"id":879,"date":"2017-10-19T18:37:16","date_gmt":"2017-10-19T16:37:16","guid":{"rendered":"http:\/\/proson.fr\/?page_id=879"},"modified":"2018-01-31T15:06:46","modified_gmt":"2018-01-31T14:06:46","slug":"vote-electronique","status":"publish","type":"page","link":"https:\/\/proson.eu\/fr\/vue-materiels\/vote-electronique\/","title":{"rendered":"Vote \u00e9lectronique"},"content":{"rendered":"<p><strong>CAPTEZ L\u2019ATTENTION<\/strong>\u00a0de votre auditoire et\u00a0<strong>DYNAMISEZ<\/strong>\u00a0vos \u00e9v\u00e9nements avec les solutions propos\u00e9es par <strong>PROSON<\/strong>.<\/p>\n<p>&nbsp;<\/p>\n<p>Dans le cadre d&rsquo;une assembl\u00e9e g\u00e9n\u00e9rale ou pour une utilisation plus ludique, nous utilisons les toutes derni\u00e8res technologies de vote par bo\u00eetier ou par t\u00e9l\u00e9phone portable.<\/p>\n","protected":false},"excerpt":{"rendered":"<p>CAPTEZ L\u2019ATTENTION\u00a0de votre auditoire et\u00a0DYNAMISEZ\u00a0vos \u00e9v\u00e9nements avec les solutions propos\u00e9es par PROSON. &nbsp; Dans le cadre d&rsquo;une assembl\u00e9e g\u00e9n\u00e9rale ou [\u2026]<\/p>\n<div class=\"view-full-post\"><a href=\"https:\/\/proson.eu\/fr\/vue-materiels\/vote-electronique\/\" class=\"view-full-post-btn\">Lire la suite<\/a><\/div>\n","protected":false},"author":1,"featured_media":1033,"parent":17,"menu_order":21,"comment_status":"closed","ping_status":"closed","template":"page_parent_categorie.php","meta":{"_acf_changed":false,"footnotes":""},"class_list":["post-879","page","type-page","status-publish","has-post-thumbnail","hentry"],"acf":[],"_links":{"self":[{"href":"https:\/\/proson.eu\/fr\/wp-json\/wp\/v2\/pages\/879","targetHints":{"allow":["GET"]}}],"collection":[{"href":"https:\/\/proson.eu\/fr\/wp-json\/wp\/v2\/pages"}],"about":[{"href":"https:\/\/proson.eu\/fr\/wp-json\/wp\/v2\/types\/page"}],"author":[{"embeddable":true,"href":"https:\/\/proson.eu\/fr\/wp-json\/wp\/v2\/users\/1"}],"replies":[{"embeddable":true,"href":"https:\/\/proson.eu\/fr\/wp-json\/wp\/v2\/comments?post=879"}],"version-history":[{"count":0,"href":"https:\/\/proson.eu\/fr\/wp-json\/wp\/v2\/pages\/879\/revisions"}],"up":[{"embeddable":true,"href":"https:\/\/proson.eu\/fr\/wp-json\/wp\/v2\/pages\/17"}],"wp:featuredmedia":[{"embeddable":true,"href":"https:\/\/proson.eu\/fr\/wp-json\/wp\/v2\/media\/1033"}],"wp:attachment":[{"href":"https:\/\/proson.eu\/fr\/wp-json\/wp\/v2\/media?parent=879"}],"curies":[{"name":"wp","href":"https:\/\/api.w.org\/{rel}","templated":true}]}}