	 

	 
		 
	{"id":877,"date":"2017-10-19T18:36:53","date_gmt":"2017-10-19T16:36:53","guid":{"rendered":"http:\/\/proson.fr\/?page_id=877"},"modified":"2023-03-29T14:44:50","modified_gmt":"2023-03-29T12:44:50","slug":"hf-intercoms","status":"publish","type":"page","link":"https:\/\/proson.eu\/fr\/vue-materiels\/hf-intercoms\/","title":{"rendered":"HF &amp; INTERCOMS"},"content":{"rendered":"<p>HF &amp; INTERCOMS : M\u00e9tier historique de l&rsquo;entreprise, Proson relance en 2012 un d\u00e9partement HF Pro. Notre but n&rsquo;est pas de proposer des liaisons en quantit\u00e9, mais d&rsquo;offrir un vrai service \u00e0 forte valeur ajout\u00e9e.<\/p>\n<p>&nbsp;<\/p>\n<p>Pour r\u00e9pondre \u00e0 cette \u00e9quation grandissante :&nbsp; toujours moins de fr\u00e9quences avec des clients qui n\u00e9cessitent toujours plus de micros, nous investissons tous les ans dans les meilleurs technologies du march\u00e9 : en 2014 le D9000 Sennheiser, en 2016 le TG 1000 Beyerdynamic et fin 2017 l&rsquo; Axent Digital de Shure.<\/p>\n<p>&nbsp;<\/p>\n","protected":false},"excerpt":{"rendered":"<p>HF &amp; INTERCOMS : M\u00e9tier historique de l&rsquo;entreprise, Proson relance en 2012 un d\u00e9partement HF Pro. Notre but n&rsquo;est pas [\u2026]<\/p>\n<div class=\"view-full-post\"><a href=\"https:\/\/proson.eu\/fr\/vue-materiels\/hf-intercoms\/\" class=\"view-full-post-btn\">Lire la suite<\/a><\/div>\n","protected":false},"author":1,"featured_media":1028,"parent":17,"menu_order":9,"comment_status":"closed","ping_status":"closed","template":"page_parent_categorie.php","meta":{"_acf_changed":false,"footnotes":""},"class_list":["post-877","page","type-page","status-publish","has-post-thumbnail","hentry"],"acf":[],"_links":{"self":[{"href":"https:\/\/proson.eu\/fr\/wp-json\/wp\/v2\/pages\/877","targetHints":{"allow":["GET"]}}],"collection":[{"href":"https:\/\/proson.eu\/fr\/wp-json\/wp\/v2\/pages"}],"about":[{"href":"https:\/\/proson.eu\/fr\/wp-json\/wp\/v2\/types\/page"}],"author":[{"embeddable":true,"href":"https:\/\/proson.eu\/fr\/wp-json\/wp\/v2\/users\/1"}],"replies":[{"embeddable":true,"href":"https:\/\/proson.eu\/fr\/wp-json\/wp\/v2\/comments?post=877"}],"version-history":[{"count":6,"href":"https:\/\/proson.eu\/fr\/wp-json\/wp\/v2\/pages\/877\/revisions"}],"predecessor-version":[{"id":5233,"href":"https:\/\/proson.eu\/fr\/wp-json\/wp\/v2\/pages\/877\/revisions\/5233"}],"up":[{"embeddable":true,"href":"https:\/\/proson.eu\/fr\/wp-json\/wp\/v2\/pages\/17"}],"wp:featuredmedia":[{"embeddable":true,"href":"https:\/\/proson.eu\/fr\/wp-json\/wp\/v2\/media\/1028"}],"wp:attachment":[{"href":"https:\/\/proson.eu\/fr\/wp-json\/wp\/v2\/media?parent=877"}],"curies":[{"name":"wp","href":"https:\/\/api.w.org\/{rel}","templated":true}]}}