	 

	 
		 
	{"id":876,"date":"2017-10-19T18:36:21","date_gmt":"2017-10-19T16:36:21","guid":{"rendered":"http:\/\/proson.fr\/?page_id=876"},"modified":"2023-03-29T14:48:13","modified_gmt":"2023-03-29T12:48:13","slug":"video","status":"publish","type":"page","link":"https:\/\/proson.eu\/fr\/vue-materiels\/video\/","title":{"rendered":"Vid\u00e9o"},"content":{"rendered":"<p><strong>PROSON<\/strong> vous propose un ensemble de solutions vid\u00e9o pour tout type d&rsquo;\u00e9v\u00e9nements avec notamment des <a href=\"https:\/\/proson.eu\/fr\/materiel\/video\/\/camera\">cam\u00e9ras<\/a> et des <a href=\"https:\/\/proson.eu\/fr\/materiel\/video\/\/ecran\">\u00e9crans<\/a>.<\/p>\n<p>Que cela soit pour faire un retour vid\u00e9o pour les interpr\u00e8tes ou participants ou pour communiquer de mani\u00e8re professionnelle avec vos collaborateurs \u00e0 distance, nous pouvons vous accompagner dans toutes vos d\u00e9marches.<\/p>\n","protected":false},"excerpt":{"rendered":"<p>PROSON vous propose un ensemble de solutions vid\u00e9o pour tout type d&rsquo;\u00e9v\u00e9nements avec notamment des cam\u00e9ras et des \u00e9crans. Que [\u2026]<\/p>\n<div class=\"view-full-post\"><a href=\"https:\/\/proson.eu\/fr\/vue-materiels\/video\/\" class=\"view-full-post-btn\">Lire la suite<\/a><\/div>\n","protected":false},"author":1,"featured_media":1075,"parent":17,"menu_order":20,"comment_status":"closed","ping_status":"closed","template":"page_parent_categorie.php","meta":{"_acf_changed":false,"footnotes":""},"class_list":["post-876","page","type-page","status-publish","has-post-thumbnail","hentry"],"acf":[],"_links":{"self":[{"href":"https:\/\/proson.eu\/fr\/wp-json\/wp\/v2\/pages\/876","targetHints":{"allow":["GET"]}}],"collection":[{"href":"https:\/\/proson.eu\/fr\/wp-json\/wp\/v2\/pages"}],"about":[{"href":"https:\/\/proson.eu\/fr\/wp-json\/wp\/v2\/types\/page"}],"author":[{"embeddable":true,"href":"https:\/\/proson.eu\/fr\/wp-json\/wp\/v2\/users\/1"}],"replies":[{"embeddable":true,"href":"https:\/\/proson.eu\/fr\/wp-json\/wp\/v2\/comments?post=876"}],"version-history":[{"count":15,"href":"https:\/\/proson.eu\/fr\/wp-json\/wp\/v2\/pages\/876\/revisions"}],"predecessor-version":[{"id":5235,"href":"https:\/\/proson.eu\/fr\/wp-json\/wp\/v2\/pages\/876\/revisions\/5235"}],"up":[{"embeddable":true,"href":"https:\/\/proson.eu\/fr\/wp-json\/wp\/v2\/pages\/17"}],"wp:featuredmedia":[{"embeddable":true,"href":"https:\/\/proson.eu\/fr\/wp-json\/wp\/v2\/media\/1075"}],"wp:attachment":[{"href":"https:\/\/proson.eu\/fr\/wp-json\/wp\/v2\/media?parent=876"}],"curies":[{"name":"wp","href":"https:\/\/api.w.org\/{rel}","templated":true}]}}