	 

	 
		 
	{"id":865,"date":"2017-10-19T18:15:56","date_gmt":"2017-10-19T16:15:56","guid":{"rendered":"http:\/\/proson.fr\/?page_id=865"},"modified":"2023-03-29T14:43:33","modified_gmt":"2023-03-29T12:43:33","slug":"interpretation","status":"publish","type":"page","link":"https:\/\/proson.eu\/fr\/vue-materiels\/interpretation\/","title":{"rendered":"Interpr\u00e9tation"},"content":{"rendered":"<p>Le d\u00e9partement interpr\u00e9tation simultan\u00e9e est dot\u00e9 du parc le plus cons\u00e9quent de France en location de mat\u00e9riel de <a href=\"https:\/\/proson.eu\/fr\/materiel\/interpretation\/\/bidule\">visite guid\u00e9e<\/a> (EK2020, HDE2020, EK1039), bidules, <a href=\"https:\/\/proson.eu\/fr\/materiel\/interpretation\/\/cabine\">cabines<\/a>, <a href=\"https:\/\/proson.eu\/fr\/materiel\/interpretation\/\/recepteur\">casques de traduction<\/a>, <a href=\"https:\/\/proson.eu\/fr\/materiel\/interpretation\/\/micro-conference\">conf\u00e9rencier<\/a>, <a href=\"https:\/\/proson.eu\/fr\/materiel\/interpretation\/\/regie\">mat\u00e9riel de traduction<\/a> Bosch et Sennheiser&#8230;.<\/p>\n<p>Notre mat\u00e9riel est de derni\u00e8re g\u00e9n\u00e9ration et int\u00e8gre les toutes derni\u00e8res technologies num\u00e9riques.<\/p>\n","protected":false},"excerpt":{"rendered":"<p>Le d\u00e9partement interpr\u00e9tation simultan\u00e9e est dot\u00e9 du parc le plus cons\u00e9quent de France en location de mat\u00e9riel de visite guid\u00e9e [\u2026]<\/p>\n<div class=\"view-full-post\"><a href=\"https:\/\/proson.eu\/fr\/vue-materiels\/interpretation\/\" class=\"view-full-post-btn\">Lire la suite<\/a><\/div>\n","protected":false},"author":1,"featured_media":1063,"parent":17,"menu_order":10,"comment_status":"closed","ping_status":"closed","template":"page_parent_categorie.php","meta":{"_acf_changed":false,"footnotes":""},"class_list":["post-865","page","type-page","status-publish","has-post-thumbnail","hentry"],"acf":[],"_links":{"self":[{"href":"https:\/\/proson.eu\/fr\/wp-json\/wp\/v2\/pages\/865","targetHints":{"allow":["GET"]}}],"collection":[{"href":"https:\/\/proson.eu\/fr\/wp-json\/wp\/v2\/pages"}],"about":[{"href":"https:\/\/proson.eu\/fr\/wp-json\/wp\/v2\/types\/page"}],"author":[{"embeddable":true,"href":"https:\/\/proson.eu\/fr\/wp-json\/wp\/v2\/users\/1"}],"replies":[{"embeddable":true,"href":"https:\/\/proson.eu\/fr\/wp-json\/wp\/v2\/comments?post=865"}],"version-history":[{"count":10,"href":"https:\/\/proson.eu\/fr\/wp-json\/wp\/v2\/pages\/865\/revisions"}],"predecessor-version":[{"id":5230,"href":"https:\/\/proson.eu\/fr\/wp-json\/wp\/v2\/pages\/865\/revisions\/5230"}],"up":[{"embeddable":true,"href":"https:\/\/proson.eu\/fr\/wp-json\/wp\/v2\/pages\/17"}],"wp:featuredmedia":[{"embeddable":true,"href":"https:\/\/proson.eu\/fr\/wp-json\/wp\/v2\/media\/1063"}],"wp:attachment":[{"href":"https:\/\/proson.eu\/fr\/wp-json\/wp\/v2\/media?parent=865"}],"curies":[{"name":"wp","href":"https:\/\/api.w.org\/{rel}","templated":true}]}}