	 

	 
		 
	{"id":502,"date":"2016-07-28T18:00:21","date_gmt":"2016-07-28T16:00:21","guid":{"rendered":"http:\/\/proson.fr\/?page_id=502"},"modified":"2018-12-20T10:44:37","modified_gmt":"2018-12-20T09:44:37","slug":"mentions-legales","status":"publish","type":"page","link":"https:\/\/proson.eu\/fr\/mentions-legales\/","title":{"rendered":"Mentions l\u00e9gales"},"content":{"rendered":"<p><strong>Vous \u00eates connect\u00e9 sur le site www.proson.fr\u00a0qui est \u00e9dit\u00e9 par PROSON<\/strong><\/p>\n<p>Aucune exploitation commerciale, m\u00eame partielle, des donn\u00e9es qui y sont pr\u00e9sent\u00e9es ne pourra \u00eatre effectu\u00e9e sans l\u2019accord pr\u00e9alable et \u00e9crit de PROSON. Le pr\u00e9sent site a pour objet exclusif la consultation d\u2019informations sur les produits et services commercialis\u00e9s par PROSON.<\/p>\n<p>La pr\u00e9sentation et le contenu du pr\u00e9sent site, constituent ensemble, une \u0153uvre prot\u00e9g\u00e9e par les lois en vigueur sur la propri\u00e9t\u00e9 intellectuelle, dont PROSON est titulaire. Aucune reproduction et\/ou repr\u00e9sentation, partielle ou int\u00e9grale, ne pourra en \u00eatre faite sans l\u2019accord pr\u00e9alable et \u00e9crit de PROSON.<\/p>\n<p>La d\u00e9nomination PROSON et le logo PROSON sont, sauf indication particuli\u00e8re, des marques d\u00e9pos\u00e9es par PROSON. Toute reproduction, utilisation et\/ou modification qui en serait faite sans l\u2019accord pr\u00e9alable et \u00e9crit de PROSON est susceptible d\u2019en constituer la contrefa\u00e7on.<\/p>\n<p>Les dessins, photographies, images, textes, s\u00e9quences anim\u00e9es sonores ou non, et autres documentations repr\u00e9sent\u00e9s sur le pr\u00e9sent site Internet sont objets de droits de propri\u00e9t\u00e9 industrielle et\/ou intellectuelle et sont selon les cas, propri\u00e9t\u00e9 de PROSON ou de tiers ayant autoris\u00e9 limitativement la soci\u00e9t\u00e9 PROSON \u00e0 les utiliser. A ce titre, toute reproduction, repr\u00e9sentation, adaptation, traduction, et\/ou transformation, partielles ou int\u00e9grales, ou transfert sur un autre site sont interdits. La copie \u00e0 usage priv\u00e9 de ces diff\u00e9rents objets de droits est autoris\u00e9e. Leur reproduction partielle ou int\u00e9grale, sans l\u2019accord pr\u00e9alable et \u00e9crit de PROSON, est strictement interdite, \u00e0 l\u2019exception de celle r\u00e9alis\u00e9e pour les besoins de la presse.<\/p>\n<p>Les informations contenues dans ce site ne lient pas contractuellement la soci\u00e9t\u00e9 PROSON.<\/p>\n<p>&nbsp;<\/p>\n<p><strong>Donn\u00e9es personnelles<\/strong><\/p>\n<p>Les informations recueillies sur le pr\u00e9sent site seront enregistr\u00e9es\u00a0pour leur prise en charge et pour les n\u00e9cessit\u00e9s de gestion. Elles pourront \u00eatre communiqu\u00e9es aux partenaires et prestataires de service participant \u00e0 la gestion des produits et services.\u00a0Les droits d\u2019acc\u00e8s de rectification et de suppression concernant les informations ainsi collect\u00e9es peuvent \u00eatre exerc\u00e9s en application de la loi n\u00b078-17 du 6 janvier 1978 relative \u00e0 l\u2019informatique, aux fichiers et aux libert\u00e9s, en \u00e9crivant \u00e0 :\u00a0PROSON\u00a0<strong>\u2013 99-101 rue Pierre S\u00e9mard \u2013 92320 Ch\u00e2tillon \u2013 France<\/strong><\/p>\n<p>&nbsp;<\/p>\n<p><strong>Liens hypertextes externes<\/strong><strong><br \/>\n<\/strong><\/p>\n<p>Les liens mis en place depuis le site www.proson.com vers des sites ext\u00e9rieurs ne sauraient engager la responsabilit\u00e9 de la soci\u00e9t\u00e9 PROSON, notamment au regard du contenu de ces sites mais \u00e9galement des risques techniques. En acceptant d\u2019utiliser un lien hypertexte pour acc\u00e9der \u00e0 un site ext\u00e9rieur, vous acceptez de prendre les risques et de subir un \u00e9ventuel pr\u00e9judice direct ou indirect.\u00a0La soci\u00e9t\u00e9 PROSON n\u2019est pas responsable des liens hypertextes susceptibles de pointer sur son site. Elle interdit la mise en place de tels liens sans son accord pr\u00e9alable \u00e9crit.<\/p>\n<p>&nbsp;<\/p>\n<p><strong>Cookies<br \/>\n<\/strong><\/p>\n<p>Les utilisateurs du site Web sont inform\u00e9s que lors de l\u2019acc\u00e8s aux services du site en ligne sur www.proson.fr, des informations peuvent \u00eatre temporairement conserv\u00e9es en m\u00e9moire ou sur leur disque dur.\u00a0Les utilisateurs du site reconnaissent avoir \u00e9t\u00e9 inform\u00e9s et acceptent cette pratique.<\/p>\n<p>&nbsp;<\/p>\n<p><strong>PROSON<br \/>\n<\/strong>99-101 rue Pierre S\u00e9mard \u2013 92320 Ch\u00e2tillon \u2013 France<\/p>\n<p>@\u00a0l<a href=\"mailto:l.peru@proson.fr\">.peru@proson.fr<\/a><br \/>\nT\u00e9l. (0)1 40 44 56 02<\/p>\n<p>&nbsp;<\/p>\n<p><strong>Conception<br \/>\n<\/strong><\/p>\n<p>Agence Ba\u00ef-Bao \u2013 <a href=\"https:\/\/bai-bao.fr\">https:\/\/bai-bao.fr<\/a><br \/>\n67 Rue Saint-Jacques &#8211; 75005 Paris \u2013 @ contact@bai-bao.fr \u2013 T\u00e9l. : (0)7 61 38 16 02<\/p>\n<p>&nbsp;<\/p>\n<p><strong>H\u00e9bergement :<\/strong><\/p>\n<p>OVH \u2013\u00a02 rue Kellermann \u2013 59100 Roubaix \u2013 T\u00e9l. : 1007<\/p>\n","protected":false},"excerpt":{"rendered":"<p>Vous \u00eates connect\u00e9 sur le site www.proson.fr\u00a0qui est \u00e9dit\u00e9 par PROSON Aucune exploitation commerciale, m\u00eame partielle, des donn\u00e9es qui y [\u2026]<\/p>\n<div class=\"view-full-post\"><a href=\"https:\/\/proson.eu\/fr\/mentions-legales\/\" class=\"view-full-post-btn\">Lire la suite<\/a><\/div>\n","protected":false},"author":1,"featured_media":117,"parent":0,"menu_order":11,"comment_status":"closed","ping_status":"closed","template":"","meta":{"_acf_changed":false,"footnotes":""},"class_list":["post-502","page","type-page","status-publish","has-post-thumbnail","hentry"],"acf":[],"_links":{"self":[{"href":"https:\/\/proson.eu\/fr\/wp-json\/wp\/v2\/pages\/502","targetHints":{"allow":["GET"]}}],"collection":[{"href":"https:\/\/proson.eu\/fr\/wp-json\/wp\/v2\/pages"}],"about":[{"href":"https:\/\/proson.eu\/fr\/wp-json\/wp\/v2\/types\/page"}],"author":[{"embeddable":true,"href":"https:\/\/proson.eu\/fr\/wp-json\/wp\/v2\/users\/1"}],"replies":[{"embeddable":true,"href":"https:\/\/proson.eu\/fr\/wp-json\/wp\/v2\/comments?post=502"}],"version-history":[{"count":0,"href":"https:\/\/proson.eu\/fr\/wp-json\/wp\/v2\/pages\/502\/revisions"}],"wp:featuredmedia":[{"embeddable":true,"href":"https:\/\/proson.eu\/fr\/wp-json\/wp\/v2\/media\/117"}],"wp:attachment":[{"href":"https:\/\/proson.eu\/fr\/wp-json\/wp\/v2\/media?parent=502"}],"curies":[{"name":"wp","href":"https:\/\/api.w.org\/{rel}","templated":true}]}}