	 

	 
		 
	{"id":4648,"date":"2020-05-11T14:50:24","date_gmt":"2020-05-11T12:50:24","guid":{"rendered":"https:\/\/proson.eu\/?page_id=4648"},"modified":"2024-01-16T16:46:17","modified_gmt":"2024-01-16T15:46:17","slug":"tele-interpretation","status":"publish","type":"page","link":"https:\/\/proson.eu\/fr\/tele-interpretation\/","title":{"rendered":"T\u00e9l\u00e9-interpr\u00e9tation"},"content":{"rendered":"<p style=\"text-align: center;\">Notre soci\u00e9t\u00e9 <strong>Proson <\/strong>est en veille technologique sur les solutions d\u2019interpr\u00e9tation \u00e0 distance. La p\u00e9riode actuelle nous a oblig\u00e9 \u00e0 travailler d\u2019arrache-pied pour vous proposer des solutions innovantes de t\u00e9l\u00e9-conf\u00e9rence et t\u00e9l\u00e9-interpr\u00e9tation.<\/p>\n<p style=\"text-align: center;\">\n<p style=\"text-align: center;\">Nous sommes fiers aujourd&rsquo;hui de pouvoir vous proposer un service de qualit\u00e9 avec la plateforme <strong>Kudo <\/strong>qui permet aux personnes et aux entreprises de se r\u00e9unir plus efficacement au-del\u00e0 des barri\u00e8res g\u00e9ographiques et linguistiques.<br \/>N&rsquo;h\u00e9sitez pas \u00e0 nous solliciter pour une d\u00e9monstration de cette plateforme innovante.<\/p>\n<p style=\"text-align: center;\">\n\n\n<p><\/p>\n\n\n\n<div class=\"wp-block-file aligncenter\"><a id=\"wp-block-file--media-48d68f93-8142-4b99-875f-ea063f0dfd2a\" href=\"https:\/\/proson.eu\/wp-content\/uploads\/2020\/05\/PROSON_Presentation_tele-interpretation_V2.pdf\">PROSON_Presentation_tele-interpretation_V2<\/a><a href=\"https:\/\/proson.eu\/wp-content\/uploads\/2020\/05\/PROSON_Presentation_tele-interpretation_V2.pdf\" class=\"wp-block-file__button wp-element-button\" download aria-describedby=\"wp-block-file--media-48d68f93-8142-4b99-875f-ea063f0dfd2a\">T\u00e9l\u00e9charger<\/a><\/div>\n","protected":false},"excerpt":{"rendered":"<p>Notre soci\u00e9t\u00e9 Proson est en veille technologique sur les solutions d\u2019interpr\u00e9tation \u00e0 distance. La p\u00e9riode actuelle nous a oblig\u00e9 \u00e0 [\u2026]<\/p>\n<div class=\"view-full-post\"><a href=\"https:\/\/proson.eu\/fr\/tele-interpretation\/\" class=\"view-full-post-btn\">Lire la suite<\/a><\/div>\n","protected":false},"author":3,"featured_media":5437,"parent":0,"menu_order":0,"comment_status":"closed","ping_status":"closed","template":"page_parent_categorie.php","meta":{"_acf_changed":false,"footnotes":""},"class_list":["post-4648","page","type-page","status-publish","has-post-thumbnail","hentry"],"acf":[],"_links":{"self":[{"href":"https:\/\/proson.eu\/fr\/wp-json\/wp\/v2\/pages\/4648","targetHints":{"allow":["GET"]}}],"collection":[{"href":"https:\/\/proson.eu\/fr\/wp-json\/wp\/v2\/pages"}],"about":[{"href":"https:\/\/proson.eu\/fr\/wp-json\/wp\/v2\/types\/page"}],"author":[{"embeddable":true,"href":"https:\/\/proson.eu\/fr\/wp-json\/wp\/v2\/users\/3"}],"replies":[{"embeddable":true,"href":"https:\/\/proson.eu\/fr\/wp-json\/wp\/v2\/comments?post=4648"}],"version-history":[{"count":3,"href":"https:\/\/proson.eu\/fr\/wp-json\/wp\/v2\/pages\/4648\/revisions"}],"predecessor-version":[{"id":5434,"href":"https:\/\/proson.eu\/fr\/wp-json\/wp\/v2\/pages\/4648\/revisions\/5434"}],"wp:featuredmedia":[{"embeddable":true,"href":"https:\/\/proson.eu\/fr\/wp-json\/wp\/v2\/media\/5437"}],"wp:attachment":[{"href":"https:\/\/proson.eu\/fr\/wp-json\/wp\/v2\/media?parent=4648"}],"curies":[{"name":"wp","href":"https:\/\/api.w.org\/{rel}","templated":true}]}}