	 
	{"id":3960,"date":"2018-10-01T21:26:00","date_gmt":"2018-10-01T19:26:00","guid":{"rendered":"https:\/\/proson.eu\/?page_id=3960"},"modified":"2018-11-29T10:59:41","modified_gmt":"2018-11-29T09:59:41","slug":"notas-legales","status":"publish","type":"page","link":"https:\/\/proson.eu\/es\/notas-legales\/","title":{"rendered":"Aviso legal"},"content":{"rendered":"<p style=\"text-align: left;\"><strong>Est\u00e1 conectado al sitio web <a href=\"http:\/\/www.proson.fr\">www.proson.fr&lt;http:\/\/www.proson.fr&gt;<\/a> editado por PROSON.<\/strong><\/p>\n<p style=\"text-align: left;\">Los datos presentados no pueden ser utilizados, de manera parcial o total, para fines comerciales, sin el consentimiento previo por escrito de PROSON. Este sitio web fue creado exclusivamente para proporcionar informaci\u00f3n\u00a0sobre los productos y servicios que PROSON comercializa.<\/p>\n<p>&nbsp;<\/p>\n<p style=\"text-align: left;\">La presentaci\u00f3n y el contenido de este sitio web constituyen conjuntamente una obra protegida por la legislaci\u00f3n vigente en materia de propiedad intelectual, cuyos derechos detiene PROSON. Cualquier reproducci\u00f3n y\/o representaci\u00f3n, parcial o total, sin el consentimiento previo por escrito de PROSON est\u00e1 prohibida.<\/p>\n<p>&nbsp;<\/p>\n<p style=\"text-align: left;\">La denominaci\u00f3n social PROSON y el logotipo PROSON son, salvo menci\u00f3n expresa, marcas registradas por PROSON. Cualquier reproducci\u00f3n, utilizaci\u00f3n y\/o modificaci\u00f3n que se haga sin el consentimiento previo por escrito de PROSON puede ser considerada como una falsificaci\u00f3n.<span class=\"Apple-converted-space\">\u00a0<\/span><\/p>\n<p>&nbsp;<\/p>\n<p style=\"text-align: left;\">Los dibujos, fotograf\u00edas, im\u00e1genes, textos, animaciones (sonoras o no), y otra documentaci\u00f3n, presentados en este sitio web, est\u00e1n cubiertos por derechos de propiedad industrial y\/o intelectual y son, seg\u00fan el caso, propiedad de PROSON o de terceros que han autorizado a Proson a utilizarlos de manera limitada. Por tal motivo, cualquier reproducci\u00f3n, representaci\u00f3n, adaptaci\u00f3n, traducci\u00f3n y\/o transformaci\u00f3n, parcial o total, o reedici\u00f3n en otro sitio web, est\u00e1 prohibida. La copia de dichos objetos de derecho para uso privado est\u00e1 autorizada. Su reproducci\u00f3n, parcial o total, sin el consentimiento previo por escrito de PROSON, est\u00e1 estrictamente prohibida, salvo si se hace con fines period\u00edsticos.<\/p>\n<p>&nbsp;<\/p>\n<p style=\"text-align: left;\">Las informaciones contenidas en este sitio web no tienen valor contractual.<span class=\"Apple-converted-space\">\u00a0<\/span><\/p>\n<p>&nbsp;<\/p>\n<p>&nbsp;<\/p>\n<p style=\"text-align: left;\"><strong>Datos personales<\/strong><\/p>\n<p style=\"text-align: left;\">Las informaciones recogidas en este sitio web ser\u00e1n guardadas para su tratamiento y para fines de gesti\u00f3n. Dichas informaciones pueden ser comunicadas a los socios y proveedores de servicios que participan en la gesti\u00f3n de los productos y servicios. De conformidad con la ley n\u00b078-17 del 6 de enero de 1978 relativa a la inform\u00e1tica, a los archivos y a las libertades, puede ejercer sus derechos de acceso, de rectificaci\u00f3n y de supresi\u00f3n de las informaciones recogidas escribiendo a: PROSON \u2013 99-101 rue Pierre S\u00e9mard \u2013 92320 Ch\u00e2tillon \u2013 Francia<\/p>\n<p>&nbsp;<\/p>\n<p>&nbsp;<\/p>\n<p style=\"text-align: left;\"><strong>Enlaces hipertexto externos<\/strong><\/p>\n<p style=\"text-align: left;\">El sitio\u00a0<a href=\"http:\/\/www.finexsi.com\">www.finexsi.com&lt;http:\/\/www.finexsi.com&gt;<\/a> ha incluido enlaces a otros sitios web externos. La empresa PROSON no se responsabiliza por el contenido de esos sitios web, ni tampoco por los riesgos t\u00e9cnicos relativos a su uso. Al acceder a un sitio web externo a trav\u00e9s de un enlace hipertexto, el usuario acepta asumir los riesgos que ello conlleva y sufrir un eventual perjuicio directo o indirecto. La empresa PROSON no es responsable de los enlaces hipertexto que puedan apuntar a su sitio web y proh\u00edbe que se incluyan dichos enlaces sin su consentimiento previo por escrito. <span class=\"Apple-converted-space\">\u00a0 \u00a0<\/span><\/p>\n<p>&nbsp;<\/p>\n<p>&nbsp;<\/p>\n<p style=\"text-align: left;\"><strong>Cookies<\/strong><\/p>\n<p style=\"text-align: left;\">El usuario del sitio web queda informado que al acceder a los servicios del sitio en l\u00ednea <a href=\"http:\/\/www.proson.fr\">www.proson.fr&lt;http:\/\/www.proson.fr&gt;<\/a>, ciertas informaciones pueden ser conservadas temporalmente en la memoria o en el disco duro. El usuario del sitio web reconoce haber sido informado y acepta esta pr\u00e1ctica.<span class=\"Apple-converted-space\">\u00a0<\/span><\/p>\n<p>&nbsp;<\/p>\n<p>&nbsp;<\/p>\n<p style=\"text-align: left;\"><strong>PROSON<\/strong><\/p>\n<p style=\"text-align: left;\">99-101 rue Pierre S\u00e9mard \u2013 92320 Ch\u00e2tillon \u2013 Francia<\/p>\n<p style=\"text-align: left;\">@ <a href=\"mailto:l.peru@proson.fr\">l.peru@proson.fr&lt;mailto:l.peru@proson.fr&gt;<\/a><\/p>\n<p style=\"text-align: left;\">Tel. +33(0)1 40 44 56 02<\/p>\n<p>&nbsp;<\/p>\n<p>&nbsp;<\/p>\n<p style=\"text-align: left;\"><strong>Dise\u00f1o<\/strong><\/p>\n<p style=\"text-align: left;\">Agence Ba\u00ef-Bao \u2013 bai-bao.fr<a href=\"http:\/\/www.bai-bao.fr\/\">&lt;http:\/\/www.bai-bao.fr\/&gt;<\/a><\/p>\n<p style=\"text-align: left;\">45 rue Vieille du Temple \u2013 75004 Paris \u2013 @ <a href=\"mailto:contact@bai-bao.fr\">contact@bai-bao.fr&lt;mailto:contact@bai-bao.fr&gt;<\/a> \u2013 Tel. : +33(0)7 61 38 16 02<\/p>\n<p>&nbsp;<\/p>\n<p>&nbsp;<\/p>\n<p style=\"text-align: left;\"><strong>Alojamiento:<\/strong><\/p>\n<p style=\"text-align: left;\">OVH \u2013 2 rue Kellermann \u2013 59100 Roubaix \u2013 Tel.: 1007<\/p>\n<p style=\"text-align: left;\">OVH \u2013\u00a02 rue Kellermann \u2013 59100 Roubaix \u2013 T\u00e9l. : 1007<\/p>\n","protected":false},"excerpt":{"rendered":"<p>Est\u00e1 conectado al sitio web www.proson.fr&lt;http:\/\/www.proson.fr&gt; editado por PROSON. Los datos presentados no pueden ser utilizados, de manera parcial o [\u2026]<\/p>\n<div class=\"view-full-post\"><a href=\"https:\/\/proson.eu\/es\/notas-legales\/\" class=\"view-full-post-btn\">Lire la suite<\/a><\/div>\n","protected":false},"author":1,"featured_media":3554,"parent":0,"menu_order":11,"comment_status":"closed","ping_status":"closed","template":"","meta":{"_acf_changed":false,"footnotes":""},"class_list":["post-3960","page","type-page","status-publish","has-post-thumbnail","hentry"],"acf":[],"_links":{"self":[{"href":"https:\/\/proson.eu\/es\/wp-json\/wp\/v2\/pages\/3960","targetHints":{"allow":["GET"]}}],"collection":[{"href":"https:\/\/proson.eu\/es\/wp-json\/wp\/v2\/pages"}],"about":[{"href":"https:\/\/proson.eu\/es\/wp-json\/wp\/v2\/types\/page"}],"author":[{"embeddable":true,"href":"https:\/\/proson.eu\/es\/wp-json\/wp\/v2\/users\/1"}],"replies":[{"embeddable":true,"href":"https:\/\/proson.eu\/es\/wp-json\/wp\/v2\/comments?post=3960"}],"version-history":[{"count":0,"href":"https:\/\/proson.eu\/es\/wp-json\/wp\/v2\/pages\/3960\/revisions"}],"wp:featuredmedia":[{"embeddable":true,"href":"https:\/\/proson.eu\/es\/wp-json\/wp\/v2\/media\/3554"}],"wp:attachment":[{"href":"https:\/\/proson.eu\/es\/wp-json\/wp\/v2\/media?parent=3960"}],"curies":[{"name":"wp","href":"https:\/\/api.w.org\/{rel}","templated":true}]}}