	 
	{"id":3952,"date":"2018-10-01T20:59:12","date_gmt":"2018-10-01T18:59:12","guid":{"rendered":"https:\/\/proson.eu\/?page_id=3952"},"modified":"2018-10-01T20:59:12","modified_gmt":"2018-10-01T18:59:12","slug":"video","status":"publish","type":"page","link":"https:\/\/proson.eu\/es\/3922-2\/video\/","title":{"rendered":"VIDEO"},"content":{"rendered":"<p>Soluci\u00f3n para visualizaci\u00f3n del v\u00eddeo por el int\u00e9rprete<span class=\"Apple-converted-space\">\u00a0<\/span><\/p>\n","protected":false},"excerpt":{"rendered":"<p>Soluci\u00f3n para visualizaci\u00f3n del v\u00eddeo por el int\u00e9rprete\u00a0<\/p>\n","protected":false},"author":1,"featured_media":3820,"parent":3922,"menu_order":20,"comment_status":"closed","ping_status":"closed","template":"page_parent_categorie.php","meta":{"_acf_changed":false,"footnotes":""},"class_list":["post-3952","page","type-page","status-publish","has-post-thumbnail","hentry"],"acf":[],"_links":{"self":[{"href":"https:\/\/proson.eu\/es\/wp-json\/wp\/v2\/pages\/3952","targetHints":{"allow":["GET"]}}],"collection":[{"href":"https:\/\/proson.eu\/es\/wp-json\/wp\/v2\/pages"}],"about":[{"href":"https:\/\/proson.eu\/es\/wp-json\/wp\/v2\/types\/page"}],"author":[{"embeddable":true,"href":"https:\/\/proson.eu\/es\/wp-json\/wp\/v2\/users\/1"}],"replies":[{"embeddable":true,"href":"https:\/\/proson.eu\/es\/wp-json\/wp\/v2\/comments?post=3952"}],"version-history":[{"count":0,"href":"https:\/\/proson.eu\/es\/wp-json\/wp\/v2\/pages\/3952\/revisions"}],"up":[{"embeddable":true,"href":"https:\/\/proson.eu\/es\/wp-json\/wp\/v2\/pages\/3922"}],"wp:featuredmedia":[{"embeddable":true,"href":"https:\/\/proson.eu\/es\/wp-json\/wp\/v2\/media\/3820"}],"wp:attachment":[{"href":"https:\/\/proson.eu\/es\/wp-json\/wp\/v2\/media?parent=3952"}],"curies":[{"name":"wp","href":"https:\/\/api.w.org\/{rel}","templated":true}]}}