	 
	{"id":3947,"date":"2018-10-01T20:53:23","date_gmt":"2018-10-01T18:53:23","guid":{"rendered":"https:\/\/proson.eu\/?page_id=3947"},"modified":"2023-08-28T10:41:18","modified_gmt":"2023-08-28T08:41:18","slug":"tele-retranscripcion","status":"publish","type":"page","link":"https:\/\/proson.eu\/es\/3922-2\/tele-retranscripcion\/","title":{"rendered":"TELE-RETRANSCRIPCION"},"content":{"rendered":"<p>\u00bfNecesita la retranscripci\u00f3n de sus reuniones, asambleas o audiciones y el informe de una reuni\u00f3n o consejo <b>cuanto antes y al mejor precio?<\/b><\/p>\n<p>Nuestra SOLUCI\u00d3N se encarga de la retranscripci\u00f3n autom\u00e1tica de sus archivos audio.<\/p>\n<p>Tambi\u00e9n permite indicar el nombre de los ponentes en la retranscripci\u00f3n.<\/p>\n","protected":false},"excerpt":{"rendered":"<p>\u00bfNecesita la retranscripci\u00f3n de sus reuniones, asambleas o audiciones y el informe de una reuni\u00f3n o consejo cuanto antes y [\u2026]<\/p>\n<div class=\"view-full-post\"><a href=\"https:\/\/proson.eu\/es\/3922-2\/tele-retranscripcion\/\" class=\"view-full-post-btn\">Lire la suite<\/a><\/div>\n","protected":false},"author":1,"featured_media":3762,"parent":3922,"menu_order":19,"comment_status":"closed","ping_status":"closed","template":"page_parent_categorie.php","meta":{"_acf_changed":false,"footnotes":""},"class_list":["post-3947","page","type-page","status-publish","has-post-thumbnail","hentry"],"acf":[],"_links":{"self":[{"href":"https:\/\/proson.eu\/es\/wp-json\/wp\/v2\/pages\/3947","targetHints":{"allow":["GET"]}}],"collection":[{"href":"https:\/\/proson.eu\/es\/wp-json\/wp\/v2\/pages"}],"about":[{"href":"https:\/\/proson.eu\/es\/wp-json\/wp\/v2\/types\/page"}],"author":[{"embeddable":true,"href":"https:\/\/proson.eu\/es\/wp-json\/wp\/v2\/users\/1"}],"replies":[{"embeddable":true,"href":"https:\/\/proson.eu\/es\/wp-json\/wp\/v2\/comments?post=3947"}],"version-history":[{"count":1,"href":"https:\/\/proson.eu\/es\/wp-json\/wp\/v2\/pages\/3947\/revisions"}],"predecessor-version":[{"id":5374,"href":"https:\/\/proson.eu\/es\/wp-json\/wp\/v2\/pages\/3947\/revisions\/5374"}],"up":[{"embeddable":true,"href":"https:\/\/proson.eu\/es\/wp-json\/wp\/v2\/pages\/3922"}],"wp:featuredmedia":[{"embeddable":true,"href":"https:\/\/proson.eu\/es\/wp-json\/wp\/v2\/media\/3762"}],"wp:attachment":[{"href":"https:\/\/proson.eu\/es\/wp-json\/wp\/v2\/media?parent=3947"}],"curies":[{"name":"wp","href":"https:\/\/api.w.org\/{rel}","templated":true}]}}