	 
	{"id":3932,"date":"2018-10-01T19:31:35","date_gmt":"2018-10-01T17:31:35","guid":{"rendered":"https:\/\/proson.eu\/?page_id=3932"},"modified":"2018-10-01T19:34:48","modified_gmt":"2018-10-01T17:34:48","slug":"3932-2","status":"publish","type":"page","link":"https:\/\/proson.eu\/es\/3922-2\/3932-2\/","title":{"rendered":"INTERPRETACION"},"content":{"rendered":"<p>El departamento de interpretaci\u00f3n cuenta con el parque de material m\u00e1s importante de Francia.<\/p>\n<p>Nuestro material, de \u00faltima generaci\u00f3n, integra las m\u00e1s recientes tecnolog\u00edas digitales.<\/p>\n","protected":false},"excerpt":{"rendered":"<p>El departamento de interpretaci\u00f3n cuenta con el parque de material m\u00e1s importante de Francia. Nuestro material, de \u00faltima generaci\u00f3n, integra [\u2026]<\/p>\n<div class=\"view-full-post\"><a href=\"https:\/\/proson.eu\/es\/3922-2\/3932-2\/\" class=\"view-full-post-btn\">Lire la suite<\/a><\/div>\n","protected":false},"author":1,"featured_media":0,"parent":3922,"menu_order":10,"comment_status":"closed","ping_status":"closed","template":"page_parent_categorie.php","meta":{"_acf_changed":false,"footnotes":""},"class_list":["post-3932","page","type-page","status-publish","hentry"],"acf":[],"_links":{"self":[{"href":"https:\/\/proson.eu\/es\/wp-json\/wp\/v2\/pages\/3932","targetHints":{"allow":["GET"]}}],"collection":[{"href":"https:\/\/proson.eu\/es\/wp-json\/wp\/v2\/pages"}],"about":[{"href":"https:\/\/proson.eu\/es\/wp-json\/wp\/v2\/types\/page"}],"author":[{"embeddable":true,"href":"https:\/\/proson.eu\/es\/wp-json\/wp\/v2\/users\/1"}],"replies":[{"embeddable":true,"href":"https:\/\/proson.eu\/es\/wp-json\/wp\/v2\/comments?post=3932"}],"version-history":[{"count":0,"href":"https:\/\/proson.eu\/es\/wp-json\/wp\/v2\/pages\/3932\/revisions"}],"up":[{"embeddable":true,"href":"https:\/\/proson.eu\/es\/wp-json\/wp\/v2\/pages\/3922"}],"wp:attachment":[{"href":"https:\/\/proson.eu\/es\/wp-json\/wp\/v2\/media?parent=3932"}],"curies":[{"name":"wp","href":"https:\/\/api.w.org\/{rel}","templated":true}]}}