	 
	{"id":3927,"date":"2018-10-01T18:50:32","date_gmt":"2018-10-01T16:50:32","guid":{"rendered":"https:\/\/proson.eu\/?page_id=3927"},"modified":"2018-10-01T19:10:55","modified_gmt":"2018-10-01T17:10:55","slug":"3927-2","status":"publish","type":"page","link":"https:\/\/proson.eu\/es\/3922-2\/3927-2\/","title":{"rendered":"HF &#038; INTERCOMS"},"content":{"rendered":"<h2>Departamento HF PRO<\/h2>\n<p>HF &amp; INTERCOMS: Especialidad hist\u00f3rica de la empresa, Proson lanza en 2012 un nuevo departamento HF Pro. Nuestro objetivo no es proponer un gran volumen de transmisores sino ofrecer un servicio con un fuerte valor a\u00f1adido.<\/p>\n<p>Para poder resolver esta compleja ecuaci\u00f3n: cada vez menos frecuencias y clientes que necesitan cada vez m\u00e1s micr\u00f3fonos, invertimos cada a\u00f1o en las mejores tecnolog\u00edas del mercado: en 2014 el D9000 Sennheiser, en 2016 el TG1000 Beyerdynamic y a finales de 2017 el Axent Digital de Shure.<\/p>\n","protected":false},"excerpt":{"rendered":"<p>Departamento HF PRO HF &amp; INTERCOMS: Especialidad hist\u00f3rica de la empresa, Proson lanza en 2012 un nuevo departamento HF Pro. [\u2026]<\/p>\n<div class=\"view-full-post\"><a href=\"https:\/\/proson.eu\/es\/3922-2\/3927-2\/\" class=\"view-full-post-btn\">Lire la suite<\/a><\/div>\n","protected":false},"author":1,"featured_media":0,"parent":3922,"menu_order":9,"comment_status":"closed","ping_status":"closed","template":"page_parent_categorie.php","meta":{"_acf_changed":false,"footnotes":""},"class_list":["post-3927","page","type-page","status-publish","hentry"],"acf":[],"_links":{"self":[{"href":"https:\/\/proson.eu\/es\/wp-json\/wp\/v2\/pages\/3927","targetHints":{"allow":["GET"]}}],"collection":[{"href":"https:\/\/proson.eu\/es\/wp-json\/wp\/v2\/pages"}],"about":[{"href":"https:\/\/proson.eu\/es\/wp-json\/wp\/v2\/types\/page"}],"author":[{"embeddable":true,"href":"https:\/\/proson.eu\/es\/wp-json\/wp\/v2\/users\/1"}],"replies":[{"embeddable":true,"href":"https:\/\/proson.eu\/es\/wp-json\/wp\/v2\/comments?post=3927"}],"version-history":[{"count":0,"href":"https:\/\/proson.eu\/es\/wp-json\/wp\/v2\/pages\/3927\/revisions"}],"up":[{"embeddable":true,"href":"https:\/\/proson.eu\/es\/wp-json\/wp\/v2\/pages\/3922"}],"wp:attachment":[{"href":"https:\/\/proson.eu\/es\/wp-json\/wp\/v2\/media?parent=3927"}],"curies":[{"name":"wp","href":"https:\/\/api.w.org\/{rel}","templated":true}]}}