	 
	{"id":3548,"date":"2018-09-26T13:33:44","date_gmt":"2018-09-26T11:33:44","guid":{"rendered":"https:\/\/proson.eu\/?page_id=3548"},"modified":"2023-08-28T10:38:35","modified_gmt":"2023-08-28T08:38:35","slug":"grupo","status":"publish","type":"page","link":"https:\/\/proson.eu\/es\/grupo\/","title":{"rendered":"GRUPO"},"content":{"rendered":"<h2 style=\"text-align: center;\">En 32 a\u00f1os de existencia,<\/h2>\n<p style=\"text-align: center;\">PROSON se ha convertido en uno de los principales actores de alquiler de sistemas audio anal\u00f3gicos y digitales inal\u00e1mbricos en Francia, especializado en el alquiler de transmisores HF, equipos para interpretacia\u00f3n simult\u00e1nea, en la gesti\u00f3n de salas de conferencia y en sistemas de visitas guiadas.<\/p>\n","protected":false},"excerpt":{"rendered":"<p>En 32 a\u00f1os de existencia, PROSON se ha convertido en uno de los principales actores de alquiler de sistemas audio [\u2026]<\/p>\n<div class=\"view-full-post\"><a href=\"https:\/\/proson.eu\/es\/grupo\/\" class=\"view-full-post-btn\">Lire la suite<\/a><\/div>\n","protected":false},"author":1,"featured_media":3587,"parent":0,"menu_order":8,"comment_status":"closed","ping_status":"closed","template":"page_groupe.php","meta":{"_acf_changed":false,"footnotes":""},"class_list":["post-3548","page","type-page","status-publish","has-post-thumbnail","hentry"],"acf":[],"_links":{"self":[{"href":"https:\/\/proson.eu\/es\/wp-json\/wp\/v2\/pages\/3548","targetHints":{"allow":["GET"]}}],"collection":[{"href":"https:\/\/proson.eu\/es\/wp-json\/wp\/v2\/pages"}],"about":[{"href":"https:\/\/proson.eu\/es\/wp-json\/wp\/v2\/types\/page"}],"author":[{"embeddable":true,"href":"https:\/\/proson.eu\/es\/wp-json\/wp\/v2\/users\/1"}],"replies":[{"embeddable":true,"href":"https:\/\/proson.eu\/es\/wp-json\/wp\/v2\/comments?post=3548"}],"version-history":[{"count":6,"href":"https:\/\/proson.eu\/es\/wp-json\/wp\/v2\/pages\/3548\/revisions"}],"predecessor-version":[{"id":5372,"href":"https:\/\/proson.eu\/es\/wp-json\/wp\/v2\/pages\/3548\/revisions\/5372"}],"wp:featuredmedia":[{"embeddable":true,"href":"https:\/\/proson.eu\/es\/wp-json\/wp\/v2\/media\/3587"}],"wp:attachment":[{"href":"https:\/\/proson.eu\/es\/wp-json\/wp\/v2\/media?parent=3548"}],"curies":[{"name":"wp","href":"https:\/\/api.w.org\/{rel}","templated":true}]}}